{"id":5,"date":"2020-12-21T15:06:31","date_gmt":"2020-12-21T15:06:31","guid":{"rendered":"https:\/\/www.maestosoinconcert.com\/apunto\/?page_id=5"},"modified":"2022-12-13T14:30:15","modified_gmt":"2022-12-13T14:30:15","slug":"create-your-website-with-blocks","status":"publish","type":"page","link":"https:\/\/www.maestosoinconcert.com\/apunto\/","title":{"rendered":"Alexandra Reinprecht"},"content":{"rendered":"\t\t<div data-elementor-type=\"wp-page\" data-elementor-id=\"5\" class=\"elementor elementor-5\" data-elementor-settings=\"[]\">\n\t\t\t\t\t\t\t<div class=\"elementor-section-wrap\">\n\t\t\t\t\t\t\t<section class=\"elementor-section elementor-top-section elementor-element elementor-element-7449054 elementor-section-content-bottom elementor-section-stretched elementor-section-boxed elementor-section-height-default elementor-section-height-default\" data-id=\"7449054\" data-element_type=\"section\" data-settings=\"{&quot;stretch_section&quot;:&quot;section-stretched&quot;}\">\n\t\t\t\t\t\t<div class=\"elementor-container elementor-column-gap-default\">\n\t\t\t\t\t<div class=\"elementor-column elementor-col-50 elementor-top-column elementor-element elementor-element-df79327\" data-id=\"df79327\" data-element_type=\"column\">\n\t\t\t<div class=\"elementor-widget-wrap elementor-element-populated\">\n\t\t\t\t\t\t\t\t<div class=\"elementor-element elementor-element-ed4b25a elementor-widget elementor-widget-heading\" data-id=\"ed4b25a\" data-element_type=\"widget\" data-widget_type=\"heading.default\">\n\t\t\t\t<div class=\"elementor-widget-container\">\n\t\t\t<h1 class=\"elementor-heading-title elementor-size-default\">A PUNTO<\/h1>\t\t<\/div>\n\t\t\t\t<\/div>\n\t\t\t\t<div class=\"elementor-element elementor-element-7332108 elementor-widget elementor-widget-heading\" data-id=\"7332108\" data-element_type=\"widget\" data-widget_type=\"heading.default\">\n\t\t\t\t<div class=\"elementor-widget-container\">\n\t\t\t<h2 class=\"elementor-heading-title elementor-size-default\">Auf den Punkt gebracht<\/h2>\t\t<\/div>\n\t\t\t\t<\/div>\n\t\t\t\t\t<\/div>\n\t\t<\/div>\n\t\t\t\t<div class=\"elementor-column elementor-col-50 elementor-top-column elementor-element elementor-element-92a6e8e\" data-id=\"92a6e8e\" data-element_type=\"column\">\n\t\t\t<div class=\"elementor-widget-wrap elementor-element-populated\">\n\t\t\t\t\t\t\t\t<div class=\"elementor-element elementor-element-a206773 elementor-widget__width-inherit elementor-invisible elementor-widget elementor-widget-image\" data-id=\"a206773\" data-element_type=\"widget\" data-settings=\"{&quot;_animation&quot;:&quot;fadeIn&quot;}\" data-widget_type=\"image.default\">\n\t\t\t\t<div class=\"elementor-widget-container\">\n\t\t\t\t\t<div class=\"elementor-image\">\n\t\t\t\t\t\t\t\t\t\t\t<a href=\"https:\/\/www.maestosoinconcert.com\/verzeichnis\/\">\n\t\t\t\t\t\t\t<img loading=\"lazy\" width=\"1536\" height=\"498\" src=\"https:\/\/www.maestosoinconcert.com\/apunto\/wp-content\/uploads\/2021\/02\/image00019-1536x498.jpeg\" class=\"attachment-1536x1536 size-1536x1536\" alt=\"\" decoding=\"async\" srcset=\"https:\/\/www.maestosoinconcert.com\/apunto\/wp-content\/uploads\/2021\/02\/image00019-1536x498.jpeg 1536w, https:\/\/www.maestosoinconcert.com\/apunto\/wp-content\/uploads\/2021\/02\/image00019-300x97.jpeg 300w, https:\/\/www.maestosoinconcert.com\/apunto\/wp-content\/uploads\/2021\/02\/image00019-1024x332.jpeg 1024w, https:\/\/www.maestosoinconcert.com\/apunto\/wp-content\/uploads\/2021\/02\/image00019-768x249.jpeg 768w, https:\/\/www.maestosoinconcert.com\/apunto\/wp-content\/uploads\/2021\/02\/image00019-2048x664.jpeg 2048w, https:\/\/www.maestosoinconcert.com\/apunto\/wp-content\/uploads\/2021\/02\/image00019-1568x509.jpeg 1568w\" sizes=\"(max-width: 1536px) 100vw, 1536px\" style=\"width:100%;height:32.42%;max-width:2560px;\" \/>\t\t\t\t\t\t\t\t<\/a>\n\t\t\t\t\t\t\t\t\t\t\t<\/div>\n\t\t\t\t<\/div>\n\t\t\t\t<\/div>\n\t\t\t\t\t<\/div>\n\t\t<\/div>\n\t\t\t\t\t\t\t<\/div>\n\t\t<\/section>\n\t\t\t\t<section class=\"elementor-section elementor-top-section elementor-element elementor-element-cc5d636 elementor-section-stretched elementor-section-boxed elementor-section-height-default elementor-section-height-default\" data-id=\"cc5d636\" data-element_type=\"section\" data-settings=\"{&quot;stretch_section&quot;:&quot;section-stretched&quot;}\">\n\t\t\t\t\t\t<div class=\"elementor-container elementor-column-gap-default\">\n\t\t\t\t\t<div class=\"elementor-column elementor-col-100 elementor-top-column elementor-element elementor-element-32f6c08\" data-id=\"32f6c08\" data-element_type=\"column\">\n\t\t\t<div class=\"elementor-widget-wrap elementor-element-populated\">\n\t\t\t\t\t\t\t\t<div class=\"elementor-element elementor-element-d3b4585 elementor-widget-divider--view-line elementor-widget elementor-widget-divider\" data-id=\"d3b4585\" data-element_type=\"widget\" data-widget_type=\"divider.default\">\n\t\t\t\t<div class=\"elementor-widget-container\">\n\t\t\t\t\t<div class=\"elementor-divider\">\n\t\t\t<span class=\"elementor-divider-separator\">\n\t\t\t\t\t\t<\/span>\n\t\t<\/div>\n\t\t\t\t<\/div>\n\t\t\t\t<\/div>\n\t\t\t\t\t<\/div>\n\t\t<\/div>\n\t\t\t\t\t\t\t<\/div>\n\t\t<\/section>\n\t\t\t\t<section class=\"elementor-section elementor-top-section elementor-element elementor-element-c4e5e82 elementor-section-boxed elementor-section-height-default elementor-section-height-default\" data-id=\"c4e5e82\" data-element_type=\"section\">\n\t\t\t\t\t\t<div class=\"elementor-container elementor-column-gap-default\">\n\t\t\t\t\t<div class=\"elementor-column elementor-col-100 elementor-top-column elementor-element elementor-element-d0ce604\" data-id=\"d0ce604\" data-element_type=\"column\">\n\t\t\t<div class=\"elementor-widget-wrap elementor-element-populated\">\n\t\t\t\t\t\t\t\t<div class=\"elementor-element elementor-element-c418d7a elementor-widget elementor-widget-heading\" data-id=\"c418d7a\" data-element_type=\"widget\" data-widget_type=\"heading.default\">\n\t\t\t\t<div class=\"elementor-widget-container\">\n\t\t\t<h2 class=\"elementor-heading-title elementor-size-default\">Das Angebot<\/h2>\t\t<\/div>\n\t\t\t\t<\/div>\n\t\t\t\t\t<\/div>\n\t\t<\/div>\n\t\t\t\t\t\t\t<\/div>\n\t\t<\/section>\n\t\t\t\t<section class=\"elementor-section elementor-top-section elementor-element elementor-element-087dc49 elementor-section-boxed elementor-section-height-default elementor-section-height-default\" data-id=\"087dc49\" data-element_type=\"section\">\n\t\t\t\t\t\t<div class=\"elementor-container elementor-column-gap-default\">\n\t\t\t\t\t<div class=\"elementor-column elementor-col-100 elementor-top-column elementor-element elementor-element-1d8fef0\" data-id=\"1d8fef0\" data-element_type=\"column\">\n\t\t\t<div class=\"elementor-widget-wrap elementor-element-populated\">\n\t\t\t\t\t\t\t\t<div class=\"elementor-element elementor-element-950fbd0 elementor-widget elementor-widget-text-editor\" data-id=\"950fbd0\" data-element_type=\"widget\" data-widget_type=\"text-editor.default\">\n\t\t\t\t<div class=\"elementor-widget-container\">\n\t\t\t\t\t<div class=\"elementor-text-editor elementor-clearfix\"><ul><li><span style=\"text-decoration: underline;\"><a href=\"https:\/\/www.maestosoinconcert.com\/apunto\/ganzheitlicher-gesangsunterricht\/\">Ganzheitlicher Gesangsunterricht<\/a><\/span><\/li><li><span style=\"text-decoration: underline;\"><a href=\"https:\/\/www.maestosoinconcert.com\/apunto\/lebens-und-sozialberatung\/\">Lebens- und Sozialberatung<\/a><\/span><\/li><li><span style=\"text-decoration: underline;\"><a href=\"https:\/\/www.maestosoinconcert.com\/apunto\/integratives-atmen\/\">Integratives Atmen<\/a><\/span><\/li><li><span style=\"text-decoration: underline;\"><a href=\"https:\/\/www.maestosoinconcert.com\/apunto\/tiergestuetzte-intervention-i-a\/\">Tiergest\u00fctzte<\/a> Intervention i.A.<\/span><\/li><\/ul><\/div>\n\t\t\t\t<\/div>\n\t\t\t\t<\/div>\n\t\t\t\t\t<\/div>\n\t\t<\/div>\n\t\t\t\t\t\t\t<\/div>\n\t\t<\/section>\n\t\t\t\t<section class=\"elementor-section elementor-top-section elementor-element elementor-element-af5e139 elementor-section-boxed elementor-section-height-default elementor-section-height-default\" data-id=\"af5e139\" data-element_type=\"section\">\n\t\t\t\t\t\t<div class=\"elementor-container elementor-column-gap-default\">\n\t\t\t\t\t<div class=\"elementor-column elementor-col-100 elementor-top-column elementor-element elementor-element-1a2f536\" data-id=\"1a2f536\" data-element_type=\"column\">\n\t\t\t<div class=\"elementor-widget-wrap elementor-element-populated\">\n\t\t\t\t\t\t\t\t<div class=\"elementor-element elementor-element-318b710 elementor-widget-divider--view-line elementor-widget elementor-widget-divider\" data-id=\"318b710\" data-element_type=\"widget\" data-widget_type=\"divider.default\">\n\t\t\t\t<div class=\"elementor-widget-container\">\n\t\t\t\t\t<div class=\"elementor-divider\">\n\t\t\t<span class=\"elementor-divider-separator\">\n\t\t\t\t\t\t<\/span>\n\t\t<\/div>\n\t\t\t\t<\/div>\n\t\t\t\t<\/div>\n\t\t\t\t\t<\/div>\n\t\t<\/div>\n\t\t\t\t\t\t\t<\/div>\n\t\t<\/section>\n\t\t\t\t<section class=\"elementor-section elementor-top-section elementor-element elementor-element-2db3718 elementor-section-boxed elementor-section-height-default elementor-section-height-default\" data-id=\"2db3718\" data-element_type=\"section\">\n\t\t\t\t\t\t<div class=\"elementor-container elementor-column-gap-default\">\n\t\t\t\t\t<div class=\"elementor-column elementor-col-100 elementor-top-column elementor-element elementor-element-93ab46b\" data-id=\"93ab46b\" data-element_type=\"column\">\n\t\t\t<div class=\"elementor-widget-wrap elementor-element-populated\">\n\t\t\t\t\t\t\t\t<div class=\"elementor-element elementor-element-a27a183 elementor-widget elementor-widget-spacer\" data-id=\"a27a183\" data-element_type=\"widget\" data-widget_type=\"spacer.default\">\n\t\t\t\t<div class=\"elementor-widget-container\">\n\t\t\t\t\t<div class=\"elementor-spacer\">\n\t\t\t<div class=\"elementor-spacer-inner\"><\/div>\n\t\t<\/div>\n\t\t\t\t<\/div>\n\t\t\t\t<\/div>\n\t\t\t\t\t<\/div>\n\t\t<\/div>\n\t\t\t\t\t\t\t<\/div>\n\t\t<\/section>\n\t\t\t\t<section class=\"elementor-section elementor-top-section elementor-element elementor-element-679619b elementor-section-boxed elementor-section-height-default elementor-section-height-default\" data-id=\"679619b\" data-element_type=\"section\">\n\t\t\t\t\t\t<div class=\"elementor-container elementor-column-gap-default\">\n\t\t\t\t\t<div class=\"elementor-column elementor-col-100 elementor-top-column elementor-element elementor-element-8087a5d\" data-id=\"8087a5d\" data-element_type=\"column\">\n\t\t\t<div class=\"elementor-widget-wrap elementor-element-populated\">\n\t\t\t\t\t\t\t\t<div class=\"elementor-element elementor-element-b9937bd elementor-widget elementor-widget-heading\" data-id=\"b9937bd\" data-element_type=\"widget\" data-widget_type=\"heading.default\">\n\t\t\t\t<div class=\"elementor-widget-container\">\n\t\t\t<h3 class=\"elementor-heading-title elementor-size-default\">Ganzheitlicher Gesangsunterricht<\/h3>\t\t<\/div>\n\t\t\t\t<\/div>\n\t\t\t\t<div class=\"elementor-element elementor-element-03b7b9a elementor-widget elementor-widget-text-editor\" data-id=\"03b7b9a\" data-element_type=\"widget\" data-widget_type=\"text-editor.default\">\n\t\t\t\t<div class=\"elementor-widget-container\">\n\t\t\t\t\t<div class=\"elementor-text-editor elementor-clearfix\"><p>\u201eWollen Sie an Ihrer Sprechstimme arbeiten, weil Sie schnell erm\u00fcdet oder Sie das Gef\u00fchl haben, da\u00df Sie die Zuh\u00f6rer nicht lange fesseln k\u00f6nnen?\u201c<\/p>\n<p>\u201e Wollten Sie schon immer singen lernen und haben sich vielleicht nicht getraut?\u201c<\/p>\n<p><a href=\"https:\/\/www.maestosoinconcert.com\/apunto\/ganzheitlicher-gesangsunterricht\/\">Weiterlesen&#8230;<\/a><\/p><\/div>\n\t\t\t\t<\/div>\n\t\t\t\t<\/div>\n\t\t\t\t\t<\/div>\n\t\t<\/div>\n\t\t\t\t\t\t\t<\/div>\n\t\t<\/section>\n\t\t\t\t<section class=\"elementor-section elementor-top-section elementor-element elementor-element-46e3f4d elementor-section-boxed elementor-section-height-default elementor-section-height-default\" data-id=\"46e3f4d\" data-element_type=\"section\">\n\t\t\t\t\t\t<div class=\"elementor-container elementor-column-gap-default\">\n\t\t\t\t\t<div class=\"elementor-column elementor-col-100 elementor-top-column elementor-element elementor-element-c338356\" data-id=\"c338356\" data-element_type=\"column\">\n\t\t\t<div class=\"elementor-widget-wrap elementor-element-populated\">\n\t\t\t\t\t\t\t\t<div class=\"elementor-element elementor-element-bc48167 elementor-widget-divider--view-line elementor-widget elementor-widget-divider\" data-id=\"bc48167\" data-element_type=\"widget\" data-widget_type=\"divider.default\">\n\t\t\t\t<div class=\"elementor-widget-container\">\n\t\t\t\t\t<div class=\"elementor-divider\">\n\t\t\t<span class=\"elementor-divider-separator\">\n\t\t\t\t\t\t<\/span>\n\t\t<\/div>\n\t\t\t\t<\/div>\n\t\t\t\t<\/div>\n\t\t\t\t\t<\/div>\n\t\t<\/div>\n\t\t\t\t\t\t\t<\/div>\n\t\t<\/section>\n\t\t\t\t<section class=\"elementor-section elementor-top-section elementor-element elementor-element-10a9b18 elementor-section-boxed elementor-section-height-default elementor-section-height-default\" data-id=\"10a9b18\" data-element_type=\"section\">\n\t\t\t\t\t\t<div class=\"elementor-container elementor-column-gap-default\">\n\t\t\t\t\t<div class=\"elementor-column elementor-col-100 elementor-top-column elementor-element elementor-element-b8909bf\" data-id=\"b8909bf\" data-element_type=\"column\">\n\t\t\t<div class=\"elementor-widget-wrap elementor-element-populated\">\n\t\t\t\t\t\t\t\t<div class=\"elementor-element elementor-element-6ae3afa elementor-widget elementor-widget-heading\" data-id=\"6ae3afa\" data-element_type=\"widget\" data-widget_type=\"heading.default\">\n\t\t\t\t<div class=\"elementor-widget-container\">\n\t\t\t<h3 class=\"elementor-heading-title elementor-size-default\">Integratives Atmen<\/h3>\t\t<\/div>\n\t\t\t\t<\/div>\n\t\t\t\t<div class=\"elementor-element elementor-element-e0d3ac9 elementor-widget elementor-widget-text-editor\" data-id=\"e0d3ac9\" data-element_type=\"widget\" data-widget_type=\"text-editor.default\">\n\t\t\t\t<div class=\"elementor-widget-container\">\n\t\t\t\t\t<div class=\"elementor-text-editor elementor-clearfix\"><p>Lernen Sie sich und Ihren K\u00f6rper kennen!<\/p>\n<p>Lassen Sie sich von mir durch eine gef\u00fchrte Atemsitzung \u00fcberraschen, was Ihr K\u00f6rper oder Ihr Unterbewusstsein Ihnen mitteilen will. &#8211; atmen Sie sich gl\u00fccklich!<\/p>\n<p><a href=\"https:\/\/www.maestosoinconcert.com\/apunto\/integratives-atmen\/\">Weiterlesen&#8230;<\/a><\/p><\/div>\n\t\t\t\t<\/div>\n\t\t\t\t<\/div>\n\t\t\t\t\t<\/div>\n\t\t<\/div>\n\t\t\t\t\t\t\t<\/div>\n\t\t<\/section>\n\t\t\t\t<section class=\"elementor-section elementor-top-section elementor-element elementor-element-9a40fa3 elementor-section-boxed elementor-section-height-default elementor-section-height-default\" data-id=\"9a40fa3\" data-element_type=\"section\">\n\t\t\t\t\t\t<div class=\"elementor-container elementor-column-gap-default\">\n\t\t\t\t\t<div class=\"elementor-column elementor-col-100 elementor-top-column elementor-element elementor-element-13c5baf\" data-id=\"13c5baf\" data-element_type=\"column\">\n\t\t\t<div class=\"elementor-widget-wrap elementor-element-populated\">\n\t\t\t\t\t\t\t\t<div class=\"elementor-element elementor-element-fbb60ae elementor-widget-divider--view-line elementor-widget elementor-widget-divider\" data-id=\"fbb60ae\" data-element_type=\"widget\" data-widget_type=\"divider.default\">\n\t\t\t\t<div class=\"elementor-widget-container\">\n\t\t\t\t\t<div class=\"elementor-divider\">\n\t\t\t<span class=\"elementor-divider-separator\">\n\t\t\t\t\t\t<\/span>\n\t\t<\/div>\n\t\t\t\t<\/div>\n\t\t\t\t<\/div>\n\t\t\t\t\t<\/div>\n\t\t<\/div>\n\t\t\t\t\t\t\t<\/div>\n\t\t<\/section>\n\t\t\t\t<section class=\"elementor-section elementor-top-section elementor-element elementor-element-ebd1f64 elementor-section-boxed elementor-section-height-default elementor-section-height-default\" data-id=\"ebd1f64\" data-element_type=\"section\">\n\t\t\t\t\t\t<div class=\"elementor-container elementor-column-gap-default\">\n\t\t\t\t\t<div class=\"elementor-column elementor-col-100 elementor-top-column elementor-element elementor-element-fc08d0c\" data-id=\"fc08d0c\" data-element_type=\"column\">\n\t\t\t<div class=\"elementor-widget-wrap elementor-element-populated\">\n\t\t\t\t\t\t\t\t<div class=\"elementor-element elementor-element-90db586 elementor-widget elementor-widget-heading\" data-id=\"90db586\" data-element_type=\"widget\" data-widget_type=\"heading.default\">\n\t\t\t\t<div class=\"elementor-widget-container\">\n\t\t\t<h3 class=\"elementor-heading-title elementor-size-default\">Lebens- und Sozialberatung<\/h3>\t\t<\/div>\n\t\t\t\t<\/div>\n\t\t\t\t<div class=\"elementor-element elementor-element-3a89e98 elementor-widget elementor-widget-text-editor\" data-id=\"3a89e98\" data-element_type=\"widget\" data-widget_type=\"text-editor.default\">\n\t\t\t\t<div class=\"elementor-widget-container\">\n\t\t\t\t\t<div class=\"elementor-text-editor elementor-clearfix\"><p>Ich helfe Ihnen Ihre Ziele zu definieren und durch systemisches Arbeiten greifbar zu machen.<\/p>\n<p><a href=\"https:\/\/www.maestosoinconcert.com\/apunto\/lebens-und-sozialberatung\/\">Weiterlesen&#8230;<\/a><\/p><\/div>\n\t\t\t\t<\/div>\n\t\t\t\t<\/div>\n\t\t\t\t\t<\/div>\n\t\t<\/div>\n\t\t\t\t\t\t\t<\/div>\n\t\t<\/section>\n\t\t\t\t<section class=\"elementor-section elementor-top-section elementor-element elementor-element-dd9ada6 elementor-section-boxed elementor-section-height-default elementor-section-height-default\" data-id=\"dd9ada6\" data-element_type=\"section\">\n\t\t\t\t\t\t<div class=\"elementor-container elementor-column-gap-default\">\n\t\t\t\t\t<div class=\"elementor-column elementor-col-100 elementor-top-column elementor-element elementor-element-1153ac4\" data-id=\"1153ac4\" data-element_type=\"column\">\n\t\t\t<div class=\"elementor-widget-wrap elementor-element-populated\">\n\t\t\t\t\t\t\t\t<div class=\"elementor-element elementor-element-bb606ae elementor-widget elementor-widget-spacer\" data-id=\"bb606ae\" data-element_type=\"widget\" data-widget_type=\"spacer.default\">\n\t\t\t\t<div class=\"elementor-widget-container\">\n\t\t\t\t\t<div class=\"elementor-spacer\">\n\t\t\t<div class=\"elementor-spacer-inner\"><\/div>\n\t\t<\/div>\n\t\t\t\t<\/div>\n\t\t\t\t<\/div>\n\t\t\t\t\t<\/div>\n\t\t<\/div>\n\t\t\t\t\t\t\t<\/div>\n\t\t<\/section>\n\t\t\t\t<section class=\"elementor-section elementor-top-section elementor-element elementor-element-00c2d82 elementor-section-boxed elementor-section-height-default elementor-section-height-default\" data-id=\"00c2d82\" data-element_type=\"section\">\n\t\t\t\t\t\t<div class=\"elementor-container elementor-column-gap-default\">\n\t\t\t\t\t<div class=\"elementor-column elementor-col-100 elementor-top-column elementor-element elementor-element-711532f\" data-id=\"711532f\" data-element_type=\"column\">\n\t\t\t<div class=\"elementor-widget-wrap elementor-element-populated\">\n\t\t\t\t\t\t\t\t<div class=\"elementor-element elementor-element-5a7d4c5 elementor-widget elementor-widget-image\" data-id=\"5a7d4c5\" data-element_type=\"widget\" data-widget_type=\"image.default\">\n\t\t\t\t<div class=\"elementor-widget-container\">\n\t\t\t\t\t<div class=\"elementor-image\">\n\t\t\t\t\t\t\t\t\t\t\t<a href=\"https:\/\/www.maestosoinconcert.com\/verzeichnis\/\">\n\t\t\t\t\t\t\t<img loading=\"lazy\" width=\"750\" height=\"243\" src=\"https:\/\/www.maestosoinconcert.com\/apunto\/wp-content\/uploads\/2021\/02\/cropped-image00019-scaled-1-1024x332.jpeg\" class=\"attachment-large size-large\" alt=\"\" decoding=\"async\" srcset=\"https:\/\/www.maestosoinconcert.com\/apunto\/wp-content\/uploads\/2021\/02\/cropped-image00019-scaled-1-1024x332.jpeg 1024w, https:\/\/www.maestosoinconcert.com\/apunto\/wp-content\/uploads\/2021\/02\/cropped-image00019-scaled-1-300x97.jpeg 300w, https:\/\/www.maestosoinconcert.com\/apunto\/wp-content\/uploads\/2021\/02\/cropped-image00019-scaled-1-768x249.jpeg 768w, https:\/\/www.maestosoinconcert.com\/apunto\/wp-content\/uploads\/2021\/02\/cropped-image00019-scaled-1-1536x498.jpeg 1536w, https:\/\/www.maestosoinconcert.com\/apunto\/wp-content\/uploads\/2021\/02\/cropped-image00019-scaled-1-2048x664.jpeg 2048w, https:\/\/www.maestosoinconcert.com\/apunto\/wp-content\/uploads\/2021\/02\/cropped-image00019-scaled-1-1568x508.jpeg 1568w\" sizes=\"(max-width: 750px) 100vw, 750px\" style=\"width:100%;height:32.42%;max-width:2560px;\" \/>\t\t\t\t\t\t\t\t<\/a>\n\t\t\t\t\t\t\t\t\t\t\t<\/div>\n\t\t\t\t<\/div>\n\t\t\t\t<\/div>\n\t\t\t\t\t<\/div>\n\t\t<\/div>\n\t\t\t\t\t\t\t<\/div>\n\t\t<\/section>\n\t\t\t\t<section class=\"elementor-section elementor-top-section elementor-element elementor-element-e589589 elementor-section-boxed elementor-section-height-default elementor-section-height-default\" data-id=\"e589589\" data-element_type=\"section\">\n\t\t\t\t\t\t<div class=\"elementor-container elementor-column-gap-default\">\n\t\t\t\t\t<div class=\"elementor-column elementor-col-100 elementor-top-column elementor-element elementor-element-23e348f\" data-id=\"23e348f\" data-element_type=\"column\">\n\t\t\t<div class=\"elementor-widget-wrap elementor-element-populated\">\n\t\t\t\t\t\t\t\t<div class=\"elementor-element elementor-element-90f852a elementor-widget elementor-widget-text-editor\" data-id=\"90f852a\" data-element_type=\"widget\" data-widget_type=\"text-editor.default\">\n\t\t\t\t<div class=\"elementor-widget-container\">\n\t\t\t\t\t<div class=\"elementor-text-editor elementor-clearfix\"><p style=\"text-align: center;\"><a href=\"https:\/\/www.maestosoinconcert.com\/verzeichnis\/\">Weitere Angebote von Alexandra Reinprecht&#8230;<\/a><\/p><\/div>\n\t\t\t\t<\/div>\n\t\t\t\t<\/div>\n\t\t\t\t\t<\/div>\n\t\t<\/div>\n\t\t\t\t\t\t\t<\/div>\n\t\t<\/section>\n\t\t\t\t\t\t<\/div>\n\t\t\t\t\t<\/div>\n\t\t","protected":false},"excerpt":{"rendered":"<p>A PUNTO Auf den Punkt gebracht Das Angebot Ganzheitlicher Gesangsunterricht Lebens- und Sozialberatung Integratives Atmen Tiergest\u00fctzte Intervention i.A. Ganzheitlicher Gesangsunterricht \u201eWollen Sie an Ihrer Sprechstimme arbeiten, weil Sie schnell erm\u00fcdet oder Sie das Gef\u00fchl haben, da\u00df Sie die Zuh\u00f6rer nicht lange fesseln k\u00f6nnen?\u201c \u201e Wollten Sie schon immer singen lernen und haben sich vielleicht nicht&hellip; <a class=\"more-link\" href=\"https:\/\/www.maestosoinconcert.com\/apunto\/\"><span class=\"screen-reader-text\">Alexandra Reinprecht<\/span> weiterlesen<\/a><\/p>\n","protected":false},"author":1,"featured_media":0,"parent":0,"menu_order":0,"comment_status":"closed","ping_status":"closed","template":"","meta":{"footnotes":""},"_links":{"self":[{"href":"https:\/\/www.maestosoinconcert.com\/apunto\/wp-json\/wp\/v2\/pages\/5"}],"collection":[{"href":"https:\/\/www.maestosoinconcert.com\/apunto\/wp-json\/wp\/v2\/pages"}],"about":[{"href":"https:\/\/www.maestosoinconcert.com\/apunto\/wp-json\/wp\/v2\/types\/page"}],"author":[{"embeddable":true,"href":"https:\/\/www.maestosoinconcert.com\/apunto\/wp-json\/wp\/v2\/users\/1"}],"replies":[{"embeddable":true,"href":"https:\/\/www.maestosoinconcert.com\/apunto\/wp-json\/wp\/v2\/comments?post=5"}],"version-history":[{"count":110,"href":"https:\/\/www.maestosoinconcert.com\/apunto\/wp-json\/wp\/v2\/pages\/5\/revisions"}],"predecessor-version":[{"id":278,"href":"https:\/\/www.maestosoinconcert.com\/apunto\/wp-json\/wp\/v2\/pages\/5\/revisions\/278"}],"wp:attachment":[{"href":"https:\/\/www.maestosoinconcert.com\/apunto\/wp-json\/wp\/v2\/media?parent=5"}],"curies":[{"name":"wp","href":"https:\/\/api.w.org\/{rel}","templated":true}]}}