{"id":57,"date":"2021-02-26T11:26:16","date_gmt":"2021-02-26T11:26:16","guid":{"rendered":"https:\/\/www.maestosoinconcert.com\/apunto\/?page_id=57"},"modified":"2021-09-22T18:38:59","modified_gmt":"2021-09-22T18:38:59","slug":"lebens-und-sozialberatung","status":"publish","type":"page","link":"https:\/\/www.maestosoinconcert.com\/apunto\/lebens-und-sozialberatung\/","title":{"rendered":"Lebens- und Sozialberatung"},"content":{"rendered":"\t\t<div data-elementor-type=\"wp-page\" data-elementor-id=\"57\" class=\"elementor elementor-57\" data-elementor-settings=\"[]\">\n\t\t\t\t\t\t\t<div class=\"elementor-section-wrap\">\n\t\t\t\t\t\t\t<section class=\"elementor-section elementor-top-section elementor-element elementor-element-e2ba4a1 elementor-section-boxed elementor-section-height-default elementor-section-height-default\" data-id=\"e2ba4a1\" data-element_type=\"section\">\n\t\t\t\t\t\t<div class=\"elementor-container elementor-column-gap-default\">\n\t\t\t\t\t<div class=\"elementor-column elementor-col-100 elementor-top-column elementor-element elementor-element-92cd06c\" data-id=\"92cd06c\" data-element_type=\"column\">\n\t\t\t<div class=\"elementor-widget-wrap elementor-element-populated\">\n\t\t\t\t\t\t\t\t<div class=\"elementor-element elementor-element-095870f elementor-widget elementor-widget-text-editor\" data-id=\"095870f\" data-element_type=\"widget\" data-widget_type=\"text-editor.default\">\n\t\t\t\t<div class=\"elementor-widget-container\">\n\t\t\t\t\t<div class=\"elementor-text-editor elementor-clearfix\"><p>&#8220; F\u00fchlen Sie sich orientierungslos, missverstanden, traurig oder hilflos?\u201c<\/p><p>&#8220; Ist Ihnen alles zu viel? Und finden Sie alleine keine L\u00f6sung?\u201c<\/p><p>\u00a0<\/p><p>&#8220; Wir haben alles in uns, um unser Leben sch\u00f6ner zu gestalten.&#8220;\u00a0<\/p><p>\u00a0<\/p><p>\u00a0<\/p><\/div>\n\t\t\t\t<\/div>\n\t\t\t\t<\/div>\n\t\t\t\t\t<\/div>\n\t\t<\/div>\n\t\t\t\t\t\t\t<\/div>\n\t\t<\/section>\n\t\t\t\t<section class=\"elementor-section elementor-top-section elementor-element elementor-element-c42013e elementor-section-content-bottom elementor-section-boxed elementor-section-height-default elementor-section-height-default\" data-id=\"c42013e\" data-element_type=\"section\">\n\t\t\t\t\t\t<div class=\"elementor-container elementor-column-gap-default\">\n\t\t\t\t\t<div class=\"elementor-column elementor-col-50 elementor-top-column elementor-element elementor-element-a689e76\" data-id=\"a689e76\" data-element_type=\"column\">\n\t\t\t<div class=\"elementor-widget-wrap elementor-element-populated\">\n\t\t\t\t\t\t\t\t<div class=\"elementor-element elementor-element-f5c4b8a elementor-widget elementor-widget-image\" data-id=\"f5c4b8a\" data-element_type=\"widget\" data-widget_type=\"image.default\">\n\t\t\t\t<div class=\"elementor-widget-container\">\n\t\t\t\t\t<div class=\"elementor-image\">\n\t\t\t\t\t\t\t\t\t\t<img loading=\"lazy\" width=\"750\" height=\"500\" src=\"https:\/\/www.maestosoinconcert.com\/apunto\/wp-content\/uploads\/2021\/03\/gross_c_markus_tordic_03-1024x682.jpg\" class=\"attachment-large size-large\" alt=\"\" decoding=\"async\" srcset=\"https:\/\/www.maestosoinconcert.com\/apunto\/wp-content\/uploads\/2021\/03\/gross_c_markus_tordic_03-1024x682.jpg 1024w, https:\/\/www.maestosoinconcert.com\/apunto\/wp-content\/uploads\/2021\/03\/gross_c_markus_tordic_03-300x200.jpg 300w, https:\/\/www.maestosoinconcert.com\/apunto\/wp-content\/uploads\/2021\/03\/gross_c_markus_tordic_03-768x512.jpg 768w, https:\/\/www.maestosoinconcert.com\/apunto\/wp-content\/uploads\/2021\/03\/gross_c_markus_tordic_03.jpg 1229w\" sizes=\"(max-width: 750px) 100vw, 750px\" style=\"width:100%;height:66.64%;max-width:1229px;\" \/>\t\t\t\t\t\t\t\t\t\t\t<\/div>\n\t\t\t\t<\/div>\n\t\t\t\t<\/div>\n\t\t\t\t\t<\/div>\n\t\t<\/div>\n\t\t\t\t<div class=\"elementor-column elementor-col-50 elementor-top-column elementor-element elementor-element-07e1c4c\" data-id=\"07e1c4c\" data-element_type=\"column\">\n\t\t\t<div class=\"elementor-widget-wrap elementor-element-populated\">\n\t\t\t\t\t\t\t\t<div class=\"elementor-element elementor-element-42bd107 elementor-widget elementor-widget-text-editor\" data-id=\"42bd107\" data-element_type=\"widget\" data-widget_type=\"text-editor.default\">\n\t\t\t\t<div class=\"elementor-widget-container\">\n\t\t\t\t\t<div class=\"elementor-text-editor elementor-clearfix\"><p>\u2026 es muss nicht immer eine Krise oder ein Syndrom sein!<\/p><p>Ich helfe Ihnen Ihre Ziele zu definieren,\u00a0<span style=\"font-family: var(--entry-content--font-family); color: var(--global--color-primary); font-size: var(--global--font-size-base);\">L\u00f6sungen zu finden<\/span><span style=\"font-family: var(--entry-content--font-family); color: var(--global--color-primary); font-size: var(--global--font-size-base);\">\u00a0und sie erreichbar zu machen.<\/span><\/p><\/div>\n\t\t\t\t<\/div>\n\t\t\t\t<\/div>\n\t\t\t\t\t<\/div>\n\t\t<\/div>\n\t\t\t\t\t\t\t<\/div>\n\t\t<\/section>\n\t\t\t\t<section class=\"elementor-section elementor-top-section elementor-element elementor-element-fb3183b elementor-section-boxed elementor-section-height-default elementor-section-height-default\" data-id=\"fb3183b\" data-element_type=\"section\">\n\t\t\t\t\t\t<div class=\"elementor-container elementor-column-gap-default\">\n\t\t\t\t\t<div class=\"elementor-column elementor-col-100 elementor-top-column elementor-element elementor-element-33ad119\" data-id=\"33ad119\" data-element_type=\"column\">\n\t\t\t<div class=\"elementor-widget-wrap elementor-element-populated\">\n\t\t\t\t\t\t\t\t<div class=\"elementor-element elementor-element-9ee590a elementor-widget-divider--view-line elementor-widget elementor-widget-divider\" data-id=\"9ee590a\" data-element_type=\"widget\" data-widget_type=\"divider.default\">\n\t\t\t\t<div class=\"elementor-widget-container\">\n\t\t\t\t\t<div class=\"elementor-divider\">\n\t\t\t<span class=\"elementor-divider-separator\">\n\t\t\t\t\t\t<\/span>\n\t\t<\/div>\n\t\t\t\t<\/div>\n\t\t\t\t<\/div>\n\t\t\t\t\t<\/div>\n\t\t<\/div>\n\t\t\t\t\t\t\t<\/div>\n\t\t<\/section>\n\t\t\t\t<section class=\"elementor-section elementor-top-section elementor-element elementor-element-375be4e elementor-section-boxed elementor-section-height-default elementor-section-height-default\" data-id=\"375be4e\" data-element_type=\"section\">\n\t\t\t\t\t\t<div class=\"elementor-container elementor-column-gap-default\">\n\t\t\t\t\t<div class=\"elementor-column elementor-col-100 elementor-top-column elementor-element elementor-element-34d7bd6\" data-id=\"34d7bd6\" data-element_type=\"column\">\n\t\t\t<div class=\"elementor-widget-wrap elementor-element-populated\">\n\t\t\t\t\t\t\t\t<div class=\"elementor-element elementor-element-6bbdd02 elementor-widget elementor-widget-text-editor\" data-id=\"6bbdd02\" data-element_type=\"widget\" data-widget_type=\"text-editor.default\">\n\t\t\t\t<div class=\"elementor-widget-container\">\n\t\t\t\t\t<div class=\"elementor-text-editor elementor-clearfix\"><p>Durch systemisches, l\u00f6sungsorientiertes Arbeiten helfe ich Ihnen Ihre Ziele zu konkretisieren und L\u00f6sungsm\u00f6glichkeiten zu erkennen.<\/p><p><br><\/p>\n<p>Auf Wunsch k\u00f6nnen auch Familienaufstellungen organisiert werden.&nbsp;<\/p><p><br><\/p><\/div>\n\t\t\t\t<\/div>\n\t\t\t\t<\/div>\n\t\t\t\t\t<\/div>\n\t\t<\/div>\n\t\t\t\t\t\t\t<\/div>\n\t\t<\/section>\n\t\t\t\t<section class=\"elementor-section elementor-top-section elementor-element elementor-element-8b01351 elementor-section-boxed elementor-section-height-default elementor-section-height-default\" data-id=\"8b01351\" data-element_type=\"section\">\n\t\t\t\t\t\t<div class=\"elementor-container elementor-column-gap-default\">\n\t\t\t\t\t<div class=\"elementor-column elementor-col-100 elementor-top-column elementor-element elementor-element-a4a7e43\" data-id=\"a4a7e43\" data-element_type=\"column\">\n\t\t\t<div class=\"elementor-widget-wrap\">\n\t\t\t\t\t\t\t\t\t<\/div>\n\t\t<\/div>\n\t\t\t\t\t\t\t<\/div>\n\t\t<\/section>\n\t\t\t\t\t\t<\/div>\n\t\t\t\t\t<\/div>\n\t\t","protected":false},"excerpt":{"rendered":"<p>&#8220; F\u00fchlen Sie sich orientierungslos, missverstanden, traurig oder hilflos?\u201c &#8220; Ist Ihnen alles zu viel? Und finden Sie alleine keine L\u00f6sung?\u201c \u00a0 &#8220; Wir haben alles in uns, um unser Leben sch\u00f6ner zu gestalten.&#8220;\u00a0 \u00a0 \u00a0 \u2026 es muss nicht immer eine Krise oder ein Syndrom sein! Ich helfe Ihnen Ihre Ziele zu definieren,\u00a0L\u00f6sungen zu&hellip; <a class=\"more-link\" href=\"https:\/\/www.maestosoinconcert.com\/apunto\/lebens-und-sozialberatung\/\"><span class=\"screen-reader-text\">Lebens- und Sozialberatung<\/span> weiterlesen<\/a><\/p>\n","protected":false},"author":1,"featured_media":0,"parent":0,"menu_order":0,"comment_status":"closed","ping_status":"closed","template":"","meta":{"footnotes":""},"_links":{"self":[{"href":"https:\/\/www.maestosoinconcert.com\/apunto\/wp-json\/wp\/v2\/pages\/57"}],"collection":[{"href":"https:\/\/www.maestosoinconcert.com\/apunto\/wp-json\/wp\/v2\/pages"}],"about":[{"href":"https:\/\/www.maestosoinconcert.com\/apunto\/wp-json\/wp\/v2\/types\/page"}],"author":[{"embeddable":true,"href":"https:\/\/www.maestosoinconcert.com\/apunto\/wp-json\/wp\/v2\/users\/1"}],"replies":[{"embeddable":true,"href":"https:\/\/www.maestosoinconcert.com\/apunto\/wp-json\/wp\/v2\/comments?post=57"}],"version-history":[{"count":28,"href":"https:\/\/www.maestosoinconcert.com\/apunto\/wp-json\/wp\/v2\/pages\/57\/revisions"}],"predecessor-version":[{"id":263,"href":"https:\/\/www.maestosoinconcert.com\/apunto\/wp-json\/wp\/v2\/pages\/57\/revisions\/263"}],"wp:attachment":[{"href":"https:\/\/www.maestosoinconcert.com\/apunto\/wp-json\/wp\/v2\/media?parent=57"}],"curies":[{"name":"wp","href":"https:\/\/api.w.org\/{rel}","templated":true}]}}