{"id":62,"date":"2021-02-26T11:28:46","date_gmt":"2021-02-26T11:28:46","guid":{"rendered":"https:\/\/www.maestosoinconcert.com\/apunto\/?page_id=62"},"modified":"2021-09-22T18:27:38","modified_gmt":"2021-09-22T18:27:38","slug":"ganzheitlicher-gesangsunterricht","status":"publish","type":"page","link":"https:\/\/www.maestosoinconcert.com\/apunto\/ganzheitlicher-gesangsunterricht\/","title":{"rendered":"Ganzheitlicher Gesangsunterricht"},"content":{"rendered":"\t\t<div data-elementor-type=\"wp-page\" data-elementor-id=\"62\" class=\"elementor elementor-62\" data-elementor-settings=\"[]\">\n\t\t\t\t\t\t\t<div class=\"elementor-section-wrap\">\n\t\t\t\t\t\t\t<section class=\"elementor-section elementor-top-section elementor-element elementor-element-f443ceb elementor-section-boxed elementor-section-height-default elementor-section-height-default\" data-id=\"f443ceb\" data-element_type=\"section\">\n\t\t\t\t\t\t<div class=\"elementor-container elementor-column-gap-default\">\n\t\t\t\t\t<div class=\"elementor-column elementor-col-50 elementor-top-column elementor-element elementor-element-47410c3\" data-id=\"47410c3\" data-element_type=\"column\">\n\t\t\t<div class=\"elementor-widget-wrap elementor-element-populated\">\n\t\t\t\t\t\t\t\t<div class=\"elementor-element elementor-element-dccd2e5 elementor-widget elementor-widget-text-editor\" data-id=\"dccd2e5\" data-element_type=\"widget\" data-widget_type=\"text-editor.default\">\n\t\t\t\t<div class=\"elementor-widget-container\">\n\t\t\t\t\t<div class=\"elementor-text-editor elementor-clearfix\"><p>\u201eWollen Sie an Ihrer <strong>Sprechstimme<\/strong> arbeiten, weil Sie schnell erm\u00fcdet oder Sie das Gef\u00fchl haben, da\u00df Sie die Zuh\u00f6rer nicht lange fesseln k\u00f6nnen?\u201c<\/p><p>\u201e Wollten Sie schon immer <strong>singen lernen<\/strong> und haben sich vielleicht nicht getraut?\u201c<\/p><p>\u201eSie sind <strong>Profis\u00e4nger<\/strong> und kommen nicht weiter oder hatten ein Trauma, das Sie nicht alleine aufl\u00f6sen k\u00f6nnen?\u201c<\/p><p>\u2026. lernen Sie IHRE Stimme kennen &#8211; ich begleite Sie gerne auf dem Weg zu Ihrem Ziel!<\/p><\/div>\n\t\t\t\t<\/div>\n\t\t\t\t<\/div>\n\t\t\t\t\t<\/div>\n\t\t<\/div>\n\t\t\t\t<div class=\"elementor-column elementor-col-50 elementor-top-column elementor-element elementor-element-b293b80\" data-id=\"b293b80\" data-element_type=\"column\">\n\t\t\t<div class=\"elementor-widget-wrap elementor-element-populated\">\n\t\t\t\t\t\t\t\t<div class=\"elementor-element elementor-element-de9f156 elementor-widget elementor-widget-image\" data-id=\"de9f156\" data-element_type=\"widget\" data-widget_type=\"image.default\">\n\t\t\t\t<div class=\"elementor-widget-container\">\n\t\t\t\t\t<div class=\"elementor-image\">\n\t\t\t\t\t\t\t\t\t\t<img loading=\"lazy\" width=\"750\" height=\"950\" src=\"https:\/\/www.maestosoinconcert.com\/apunto\/wp-content\/uploads\/2021\/02\/image00011-808x1024.jpeg\" class=\"attachment-large size-large\" alt=\"\" decoding=\"async\" srcset=\"https:\/\/www.maestosoinconcert.com\/apunto\/wp-content\/uploads\/2021\/02\/image00011-808x1024.jpeg 808w, https:\/\/www.maestosoinconcert.com\/apunto\/wp-content\/uploads\/2021\/02\/image00011-237x300.jpeg 237w, https:\/\/www.maestosoinconcert.com\/apunto\/wp-content\/uploads\/2021\/02\/image00011-768x973.jpeg 768w, https:\/\/www.maestosoinconcert.com\/apunto\/wp-content\/uploads\/2021\/02\/image00011-1212x1536.jpeg 1212w, https:\/\/www.maestosoinconcert.com\/apunto\/wp-content\/uploads\/2021\/02\/image00011-1616x2048.jpeg 1616w, https:\/\/www.maestosoinconcert.com\/apunto\/wp-content\/uploads\/2021\/02\/image00011-1568x1987.jpeg 1568w, https:\/\/www.maestosoinconcert.com\/apunto\/wp-content\/uploads\/2021\/02\/image00011-scaled.jpeg 2020w\" sizes=\"(max-width: 750px) 100vw, 750px\" style=\"width:100%;height:126.73%;max-width:2020px;\" \/>\t\t\t\t\t\t\t\t\t\t\t<\/div>\n\t\t\t\t<\/div>\n\t\t\t\t<\/div>\n\t\t\t\t\t<\/div>\n\t\t<\/div>\n\t\t\t\t\t\t\t<\/div>\n\t\t<\/section>\n\t\t\t\t<section class=\"elementor-section elementor-top-section elementor-element elementor-element-aae2c94 elementor-section-boxed elementor-section-height-default elementor-section-height-default\" data-id=\"aae2c94\" data-element_type=\"section\">\n\t\t\t\t\t\t<div class=\"elementor-container elementor-column-gap-default\">\n\t\t\t\t\t<div class=\"elementor-column elementor-col-100 elementor-top-column elementor-element elementor-element-ab65013\" data-id=\"ab65013\" data-element_type=\"column\">\n\t\t\t<div class=\"elementor-widget-wrap elementor-element-populated\">\n\t\t\t\t\t\t\t\t<div class=\"elementor-element elementor-element-10a7e82 elementor-widget elementor-widget-text-editor\" data-id=\"10a7e82\" data-element_type=\"widget\" data-widget_type=\"text-editor.default\">\n\t\t\t\t<div class=\"elementor-widget-container\">\n\t\t\t\t\t<div class=\"elementor-text-editor elementor-clearfix\"><p>Jeder kann singen, der sprechen kann!<\/p><p>In meiner langj\u00e4hrigen B\u00fchnent\u00e4tigkeit als S\u00e4ngerin, mit einer italienischen Gesangstechnik habe ich viele H\u00f6hen und Tiefen durchgemacht und gebe diese Erkenntnisse gerne weiter.<\/p><p>Auch hier gilt f\u00fcr mich der Atmen (im speziellen die Bauchatmung) als wesentlicher Bestandteil einer guten Gesangstechnik.<\/p><\/div>\n\t\t\t\t<\/div>\n\t\t\t\t<\/div>\n\t\t\t\t\t<\/div>\n\t\t<\/div>\n\t\t\t\t\t\t\t<\/div>\n\t\t<\/section>\n\t\t\t\t\t\t<\/div>\n\t\t\t\t\t<\/div>\n\t\t","protected":false},"excerpt":{"rendered":"<p>\u201eWollen Sie an Ihrer Sprechstimme arbeiten, weil Sie schnell erm\u00fcdet oder Sie das Gef\u00fchl haben, da\u00df Sie die Zuh\u00f6rer nicht lange fesseln k\u00f6nnen?\u201c \u201e Wollten Sie schon immer singen lernen und haben sich vielleicht nicht getraut?\u201c \u201eSie sind Profis\u00e4nger und kommen nicht weiter oder hatten ein Trauma, das Sie nicht alleine aufl\u00f6sen k\u00f6nnen?\u201c \u2026. lernen&hellip; <a class=\"more-link\" href=\"https:\/\/www.maestosoinconcert.com\/apunto\/ganzheitlicher-gesangsunterricht\/\"><span class=\"screen-reader-text\">Ganzheitlicher Gesangsunterricht<\/span> weiterlesen<\/a><\/p>\n","protected":false},"author":1,"featured_media":0,"parent":0,"menu_order":0,"comment_status":"closed","ping_status":"closed","template":"","meta":{"footnotes":""},"_links":{"self":[{"href":"https:\/\/www.maestosoinconcert.com\/apunto\/wp-json\/wp\/v2\/pages\/62"}],"collection":[{"href":"https:\/\/www.maestosoinconcert.com\/apunto\/wp-json\/wp\/v2\/pages"}],"about":[{"href":"https:\/\/www.maestosoinconcert.com\/apunto\/wp-json\/wp\/v2\/types\/page"}],"author":[{"embeddable":true,"href":"https:\/\/www.maestosoinconcert.com\/apunto\/wp-json\/wp\/v2\/users\/1"}],"replies":[{"embeddable":true,"href":"https:\/\/www.maestosoinconcert.com\/apunto\/wp-json\/wp\/v2\/comments?post=62"}],"version-history":[{"count":7,"href":"https:\/\/www.maestosoinconcert.com\/apunto\/wp-json\/wp\/v2\/pages\/62\/revisions"}],"predecessor-version":[{"id":253,"href":"https:\/\/www.maestosoinconcert.com\/apunto\/wp-json\/wp\/v2\/pages\/62\/revisions\/253"}],"wp:attachment":[{"href":"https:\/\/www.maestosoinconcert.com\/apunto\/wp-json\/wp\/v2\/media?parent=62"}],"curies":[{"name":"wp","href":"https:\/\/api.w.org\/{rel}","templated":true}]}}