{"id":67,"date":"2021-02-26T11:31:23","date_gmt":"2021-02-26T11:31:23","guid":{"rendered":"https:\/\/www.maestosoinconcert.com\/apunto\/?page_id=67"},"modified":"2021-09-22T18:47:56","modified_gmt":"2021-09-22T18:47:56","slug":"tiergestuetzte-intervention-i-a","status":"publish","type":"page","link":"https:\/\/www.maestosoinconcert.com\/apunto\/tiergestuetzte-intervention-i-a\/","title":{"rendered":"Tiergest\u00fctzte Intervention i.A."},"content":{"rendered":"\t\t<div data-elementor-type=\"wp-page\" data-elementor-id=\"67\" class=\"elementor elementor-67\" data-elementor-settings=\"[]\">\n\t\t\t\t\t\t\t<div class=\"elementor-section-wrap\">\n\t\t\t\t\t\t\t<section class=\"elementor-section elementor-top-section elementor-element elementor-element-4098c6c elementor-section-boxed elementor-section-height-default elementor-section-height-default\" data-id=\"4098c6c\" data-element_type=\"section\">\n\t\t\t\t\t\t<div class=\"elementor-container elementor-column-gap-default\">\n\t\t\t\t\t<div class=\"elementor-column elementor-col-100 elementor-top-column elementor-element elementor-element-2be7889\" data-id=\"2be7889\" data-element_type=\"column\">\n\t\t\t<div class=\"elementor-widget-wrap elementor-element-populated\">\n\t\t\t\t\t\t\t\t<div class=\"elementor-element elementor-element-754d983 elementor-widget elementor-widget-text-editor\" data-id=\"754d983\" data-element_type=\"widget\" data-widget_type=\"text-editor.default\">\n\t\t\t\t<div class=\"elementor-widget-container\">\n\t\t\t\t\t<div class=\"elementor-text-editor elementor-clearfix\"><p>Tiere sind der Spiegel unserer Seele!<\/p>\n<p>Sie nehmen uns so, wie wir sind, ohne uns zu bewerten!<\/p>\n<p>Tiere k\u00f6nnen uns helfen zu trauern und einen Zugang zu tief verborgenen Gef\u00fchlen zu finden.<\/p>\n<p><\/p>\n<p><strong>Die Tiergest\u00fctzte Intervention bietet viele M\u00f6glichkeiten:<\/strong><\/p>\n<p>Sie kann die Beratung vertiefen, sie kann helfen eine Blockade zu l\u00f6sen oder Erkenntnisse \u00fcber sich selbst erschlie\u00dfen.&nbsp;<\/p>\n<p><\/p>\n<p>Es kann schlicht eine Einheit &#8222;Qualitytime&#8220; mit dem Partner &#8222;Pferd&#8220; sein, mit einer Meditation auf dem Pferd.<\/p>\n<p><\/p>\n<p><strong>Fakt ist:<\/strong> die Zeit mit dem Pferd senkt den Cortisolspiegel und f\u00f6rdert die Oxytocinproduktion im K\u00f6rper!&nbsp;<\/p>\n<p><\/p>\n<p><strong>Probieren sie es einfach aus!<\/strong><\/p>\n<p><strong><br><\/strong><\/p>\n<p><\/p>\n<p>\u2026 die Trainingseinheiten und Sitzungen unterliegen der Verschwiegenheit! und sind nur pers\u00f6nlich auf Sie zugeschnitten!<\/p>\n<p><span style=\"font-family: var(--entry-content--font-family); color: var(--global--color-primary); font-size: var(--global--font-size-base);\">&nbsp;<\/span><\/p>\n<p><span style=\"font-family: var(--entry-content--font-family); color: var(--global--color-primary); font-size: var(--global--font-size-base);\">Wo?&nbsp;<\/span><\/p>\n<p><a href=\"https:\/\/www.hof-schwechatbach.at\/\" target=\"_blank\" rel=\"noopener\"><strong><span style=\"text-decoration: underline;\">Hof Schwechatbach<\/span><\/strong> (Pferde, Ziegen, Lamas, Hunde, Kaninchen, H\u00fchner und Meerschweinchen)<\/a><\/p>\n<p>Union <span style=\"text-decoration: underline;\"><strong><a href=\"https:\/\/www.reitstall-wildegg.at\/\" target=\"_blank\" rel=\"noopener\">Reitclub Wildegg<\/a><\/strong><\/span> mit dem eigenen schwarzen Lipizzaner)<\/p><\/div>\n\t\t\t\t<\/div>\n\t\t\t\t<\/div>\n\t\t\t\t\t<\/div>\n\t\t<\/div>\n\t\t\t\t\t\t\t<\/div>\n\t\t<\/section>\n\t\t\t\t\t\t<\/div>\n\t\t\t\t\t<\/div>\n\t\t","protected":false},"excerpt":{"rendered":"<p>Tiere sind der Spiegel unserer Seele! Sie nehmen uns so, wie wir sind, ohne uns zu bewerten! Tiere k\u00f6nnen uns helfen zu trauern und einen Zugang zu tief verborgenen Gef\u00fchlen zu finden. Die Tiergest\u00fctzte Intervention bietet viele M\u00f6glichkeiten: Sie kann die Beratung vertiefen, sie kann helfen eine Blockade zu l\u00f6sen oder Erkenntnisse \u00fcber sich selbst&hellip; <a class=\"more-link\" href=\"https:\/\/www.maestosoinconcert.com\/apunto\/tiergestuetzte-intervention-i-a\/\"><span class=\"screen-reader-text\">Tiergest\u00fctzte Intervention i.A.<\/span> weiterlesen<\/a><\/p>\n","protected":false},"author":1,"featured_media":0,"parent":0,"menu_order":0,"comment_status":"closed","ping_status":"closed","template":"","meta":{"footnotes":""},"_links":{"self":[{"href":"https:\/\/www.maestosoinconcert.com\/apunto\/wp-json\/wp\/v2\/pages\/67"}],"collection":[{"href":"https:\/\/www.maestosoinconcert.com\/apunto\/wp-json\/wp\/v2\/pages"}],"about":[{"href":"https:\/\/www.maestosoinconcert.com\/apunto\/wp-json\/wp\/v2\/types\/page"}],"author":[{"embeddable":true,"href":"https:\/\/www.maestosoinconcert.com\/apunto\/wp-json\/wp\/v2\/users\/1"}],"replies":[{"embeddable":true,"href":"https:\/\/www.maestosoinconcert.com\/apunto\/wp-json\/wp\/v2\/comments?post=67"}],"version-history":[{"count":25,"href":"https:\/\/www.maestosoinconcert.com\/apunto\/wp-json\/wp\/v2\/pages\/67\/revisions"}],"predecessor-version":[{"id":269,"href":"https:\/\/www.maestosoinconcert.com\/apunto\/wp-json\/wp\/v2\/pages\/67\/revisions\/269"}],"wp:attachment":[{"href":"https:\/\/www.maestosoinconcert.com\/apunto\/wp-json\/wp\/v2\/media?parent=67"}],"curies":[{"name":"wp","href":"https:\/\/api.w.org\/{rel}","templated":true}]}}